{"id":269,"date":"2025-01-20T20:49:36","date_gmt":"2025-01-20T20:49:36","guid":{"rendered":"https:\/\/animalsneedme.org\/?page_id=269"},"modified":"2025-04-21T18:59:39","modified_gmt":"2025-04-21T18:59:39","slug":"privacy-policy","status":"publish","type":"page","link":"https:\/\/animalsneedme.org\/sq\/privacy-policy\/","title":{"rendered":"PRIVACY POLICY"},"content":{"rendered":"<div id=\"fws_69df8e1187b77\"  data-column-margin=\"default\" data-midnight=\"dark\"  class=\"wpb_row vc_row-fluid vc_row\"  style=\"padding-top: 0px; padding-bottom: 0px; \"><div class=\"row-bg-wrap\" data-bg-animation=\"none\" data-bg-animation-delay=\"\" data-bg-overlay=\"false\"><div class=\"inner-wrap row-bg-layer\" ><div class=\"row-bg viewport-desktop\"  style=\"\"><\/div><\/div><\/div><div class=\"row_col_wrap_12 col span_12 dark left\">\n\t<div  class=\"vc_col-sm-12 wpb_column column_container vc_column_container col no-extra-padding inherit_tablet inherit_phone\"  data-padding-pos=\"all\" data-has-bg-color=\"false\" data-bg-color=\"\" data-bg-opacity=\"1\" data-animation=\"\" data-delay=\"0\" >\n\t\t<div class=\"vc_column-inner\" >\n\t\t\t<div class=\"wpb_wrapper\">\n\t\t\t\t\n<div class=\"wpb_text_column wpb_content_element\" >\n\t<div class=\"wpb_wrapper\">\n\t\t<h3><strong>Privacy Policy<\/strong><\/h3>\n<p><strong>P\u00ebrmbledhje<\/strong><\/p>\n<p>N\u00eb organizat\u00ebn &#8220;Animals Need Me&#8221;, ne e vler\u00ebsojm\u00eb privat\u00ebsin\u00eb tuaj dhe angazhohemi p\u00ebr mbrojtjen e informacionit tuaj personal. Kjo politik\u00eb e privat\u00ebsis\u00eb shpjegon si mbledhim, p\u00ebrdorim dhe ruajm\u00eb t\u00eb dh\u00ebnat tuaja kur vizitoni faqen ton\u00eb t\u00eb internetit.<\/p>\n<p><strong>Informacioni q\u00eb Mbledhim<\/strong><\/p>\n<p>Ne mund t\u00eb mbledhim informacion t\u00eb till\u00eb si:<\/p>\n<ul>\n<li>Informacioni personal (emri, adresa e emailit).<\/li>\n<li>T\u00eb dh\u00ebna mbi p\u00ebrdorimin e faqes son\u00eb (IP adresa, lloji i shfletuesit, koha e vizit\u00ebs).<\/li>\n<\/ul>\n<p><strong>Si P\u00ebrdorim Informacionin Tuaj<\/strong><\/p>\n<p>Informacioni juaj mund t\u00eb p\u00ebrdoret p\u00ebr:<\/p>\n<ul>\n<li>Komunikimin me ju mbi aktivitetet tona.<\/li>\n<li>P\u00ebrmir\u00ebsimin e faqes ton\u00eb t\u00eb internetit dhe sh\u00ebrbimeve.<\/li>\n<\/ul>\n<p><strong>Ruajtja dhe Siguria e T\u00eb Dh\u00ebnave<\/strong><\/p>\n<p>Ne p\u00ebrdorim masa teknike dhe organizative p\u00ebr t\u00eb mbrojtur informacionin tuaj. Informacioni juaj nuk do t\u00eb ndahet me pal\u00eb t\u00eb treta, p\u00ebrve\u00e7 rasteve t\u00eb k\u00ebrkesave ligjore.<\/p>\n<p><strong>Cookies<\/strong><\/p>\n<p>Faqja jon\u00eb mund t\u00eb p\u00ebrdor\u00eb cookies p\u00ebr t\u00eb p\u00ebrmir\u00ebsuar p\u00ebrvoj\u00ebn tuaj dhe p\u00ebr t\u00eb analizuar trafikun e saj. Mund t\u00eb rregulloni preferencat tuaja p\u00ebr cookies p\u00ebrmes shfletuesit tuaj.<\/p>\n<p><strong>T\u00eb Drejtat Tuaja<\/strong><\/p>\n<p>Ju keni t\u00eb drejt\u00ebn t\u00eb k\u00ebrkoni qasje, korrigjim ose fshirje t\u00eb t\u00eb dh\u00ebnave tuaja. Na kontaktoni n\u00eb info@animalsneedme.com p\u00ebr \u00e7do k\u00ebrkes\u00eb.<\/p>\n<p><strong>Ndryshimet n\u00eb Politika<\/strong><\/p>\n<p>Kjo politik\u00eb e privat\u00ebsis\u00eb mund t\u00eb p\u00ebrdit\u00ebsohet koh\u00eb pas kohe. Do t\u00eb publikojm\u00eb ndryshimet n\u00eb k\u00ebt\u00eb faqe.<\/p>\n<p><strong>Na Kontaktoni<\/strong><\/p>\n<p>P\u00ebr pyetje ose shqet\u00ebsime mbi privat\u00ebsin\u00eb, ju lutemi na kontaktoni n\u00eb: info@animalsneedme.com<\/p>\n<div><\/div>\n\t<\/div>\n<\/div>\n\n\n\n\n\t\t\t<\/div> \n\t\t<\/div>\n\t<\/div> \n<\/div><\/div>","protected":false},"excerpt":{"rendered":"Privacy Policy P\u00ebrmbledhje N\u00eb organizat\u00ebn \"Animals Need Me\", ne e vler\u00ebsojm\u00eb privat\u00ebsin\u00eb tuaj dhe angazhohemi p\u00ebr mbrojtjen e informacionit tuaj personal. Kjo politik\u00eb e privat\u00ebsis\u00eb shpjegon si mbledhim, p\u00ebrdorim dhe...","protected":false},"author":1,"featured_media":0,"parent":0,"menu_order":0,"comment_status":"closed","ping_status":"closed","template":"template-no-footer.php","meta":{"footnotes":""},"class_list":["post-269","page","type-page","status-publish"],"_links":{"self":[{"href":"https:\/\/animalsneedme.org\/sq\/wp-json\/wp\/v2\/pages\/269","targetHints":{"allow":["GET"]}}],"collection":[{"href":"https:\/\/animalsneedme.org\/sq\/wp-json\/wp\/v2\/pages"}],"about":[{"href":"https:\/\/animalsneedme.org\/sq\/wp-json\/wp\/v2\/types\/page"}],"author":[{"embeddable":true,"href":"https:\/\/animalsneedme.org\/sq\/wp-json\/wp\/v2\/users\/1"}],"replies":[{"embeddable":true,"href":"https:\/\/animalsneedme.org\/sq\/wp-json\/wp\/v2\/comments?post=269"}],"version-history":[{"count":2,"href":"https:\/\/animalsneedme.org\/sq\/wp-json\/wp\/v2\/pages\/269\/revisions"}],"predecessor-version":[{"id":884,"href":"https:\/\/animalsneedme.org\/sq\/wp-json\/wp\/v2\/pages\/269\/revisions\/884"}],"wp:attachment":[{"href":"https:\/\/animalsneedme.org\/sq\/wp-json\/wp\/v2\/media?parent=269"}],"curies":[{"name":"wp","href":"https:\/\/api.w.org\/{rel}","templated":true}]}}