{"id":858,"date":"2025-04-07T21:29:43","date_gmt":"2025-04-07T21:29:43","guid":{"rendered":"https:\/\/animalsneedme.org\/?page_id=858"},"modified":"2025-04-07T21:32:49","modified_gmt":"2025-04-07T21:32:49","slug":"shkarko-aplikacionin","status":"publish","type":"page","link":"https:\/\/animalsneedme.org\/sq\/shkarko-aplikacionin\/","title":{"rendered":"Shkarko aplikacionin"},"content":{"rendered":"<div id=\"fws_69e158bf6fc6e\"  data-br=\"custom\" data-br-applies=\"bg\" data-column-margin=\"default\" data-midnight=\"dark\"  class=\"wpb_row vc_row-fluid vc_row  tl_br_25px tr_br_25px bl_br_25px br_br_25px bottom_margin_20px zindex-set\" data-using-ctc=\"true\" style=\"padding-top: 0px; padding-bottom: 0px;  z-index: 1000;color: #000000; \"><div class=\"row-bg-wrap\" data-bg-animation=\"none\" data-bg-animation-delay=\"\" data-bg-overlay=\"false\"><div class=\"inner-wrap row-bg-layer\" ><div class=\"row-bg viewport-desktop using-bg-color\"  style=\"background-color: #edd88b; \"><\/div><\/div><\/div><div class=\"row_col_wrap_12 col span_12 custom left\">\n\t<div  class=\"vc_col-sm-12 wpb_column column_container vc_column_container col el_spacing_20px left_padding_desktop_30px top_padding_desktop_30px right_padding_desktop_30px bottom_padding_desktop_30px\"  data-padding-pos=\"all\" data-has-bg-color=\"false\" data-bg-color=\"\" data-bg-opacity=\"1\" data-animation=\"\" data-delay=\"0\" >\n\t\t<div class=\"vc_column-inner\" >\n\t\t\t<div class=\"wpb_wrapper\">\n\t\t\t\t<div class=\"divider-wrap\" data-alignment=\"default\"><div style=\"height: 4vw;\" class=\"divider\"><\/div><\/div><div id=\"fws_69e158bf7059d\" data-midnight=\"\" data-column-margin=\"default\" class=\"wpb_row vc_row-fluid vc_row inner_row\"  style=\"\"><div class=\"row-bg-wrap\"> <div class=\"row-bg\" ><\/div> <\/div><div class=\"row_col_wrap_12_inner col span_12  left\">\n\t<div  class=\"vc_col-sm-12 wpb_column column_container vc_column_container col child_column no-extra-padding column_element_direction_desktop_horizontal force-desktop-text-align-center column_element_direction_tablet_horizontal column_element_direction_phone_horizontal el_spacing_10px inherit_tablet inherit_phone\"   data-padding-pos=\"all\" data-has-bg-color=\"false\" data-bg-color=\"\" data-bg-opacity=\"1\" data-animation=\"\" data-delay=\"0\" >\n\t\t<div class=\"vc_column-inner\" >\n\t\t<div class=\"wpb_wrapper\">\n\t\t\t<div class=\"nectar_icon_wrap  nectar-pulsate\" data-style=\"default\" data-padding=\"0px\" data-color=\"accent-color\" style=\"\" >\n\t\t<div class=\"nectar_icon icon_color_custom_115e3a\" ><i style=\"font-size: 8px; line-height: 8px; height: 8px; width: 8px;\" class=\"\"><\/i><\/div>\n\t<\/div><div class=\"nectar-responsive-text font_size_desktop_1-1vw font_size_phone_4vw nectar-link-underline-effect\"><p>Animals Need Me<\/p>\n<\/div>\n\t\t<\/div> \n\t<\/div>\n\t<\/div> \n<\/div><\/div><div id=\"fws_69e158bf70ea6\" data-midnight=\"\" data-column-margin=\"default\" class=\"wpb_row vc_row-fluid vc_row inner_row\"  style=\"\"><div class=\"row-bg-wrap\"> <div class=\"row-bg\" ><\/div> <\/div><div class=\"row_col_wrap_12_inner col span_12  left\">\n\t<div  class=\"vc_col-sm-12 wpb_column column_container vc_column_container col child_column no-extra-padding force-desktop-text-align-center inherit_tablet inherit_phone\"   data-padding-pos=\"all\" data-has-bg-color=\"false\" data-bg-color=\"\" data-bg-opacity=\"1\" data-animation=\"\" data-delay=\"0\" >\n\t\t<div class=\"vc_column-inner\" >\n\t\t<div class=\"wpb_wrapper\">\n\t\t\t<div class=\"nectar-cta  alignment_tablet_default alignment_phone_default display_tablet_inherit display_phone_inherit font_size_desktop_5vw font_size_phone_10vw font_size_max_130px\" data-color=\"default\" data-using-bg=\"false\" data-style=\"text-reveal\" data-display=\"block\" data-alignment=\"left\" data-text-color=\"std\" ><h2><span class=\"link_wrap\" ><a  class=\"link_text\" role=\"button\" href=\"mailto:hello@themenectar.com\"><span class=\"text nectar-text-reveal-button__text\"data-text=\"Shkarko aplikacionin\">Shkarko aplikacionin<\/span><\/a><\/span><\/h2><\/div><div class=\"nectar-responsive-text font_size_desktop_1-3vw font_size_phone_4-5vw nectar-link-underline-effect\"><p>Shkarkoni aplikacionin &#8220;Animals Need Me&#8221; dhe b\u00ebhuni pjes\u00eb e nj\u00eb komuniteti q\u00eb kujdeset p\u00ebr kafsh\u00ebt. Bashkohuni tani dhe b\u00ebni nj\u00eb ndryshim pozitiv n\u00eb jet\u00ebn e tyre me nj\u00eb klikim t\u00eb thjesht\u00eb!<\/p>\n<\/div><div class=\"divider-wrap height_phone_1vh\" data-alignment=\"default\"><div style=\"height: 25px;\" class=\"divider\"><\/div><\/div>\n\t\t<\/div> \n\t<\/div>\n\t<\/div> \n<\/div><\/div><div id=\"fws_69e158bf717ca\" data-midnight=\"\" data-column-margin=\"default\" class=\"wpb_row vc_row-fluid vc_row inner_row\"  style=\"\"><div class=\"row-bg-wrap\"> <div class=\"row-bg\" ><\/div> <\/div><div class=\"row_col_wrap_12_inner col span_12  left\">\n\t<div  class=\"vc_col-sm-12 wpb_column column_container vc_column_container col child_column no-extra-padding column_element_direction_desktop_horizontal force-desktop-text-align-center column_element_direction_tablet_horizontal el_spacing_10px inherit_tablet inherit_phone\"   data-padding-pos=\"all\" data-has-bg-color=\"false\" data-bg-color=\"\" data-bg-opacity=\"1\" data-animation=\"\" data-delay=\"0\" >\n\t\t<div class=\"vc_column-inner\" >\n\t\t<div class=\"wpb_wrapper\">\n\t\t\t<a class=\"nectar-button jumbo regular accent-color has-icon  regular-button\"  role=\"button\" style=\"\"  href=\"https:\/\/play.google.com\/store\/apps\/details?id=com.app.AnimalsNeeMe\" data-color-override=\"false\" data-hover-color-override=\"false\" data-hover-text-color-override=\"#fff\"><span>Get on Google Play<\/span><i><span class=\"im-icon-wrap\"><span><svg role=\"presentation\" version=\"1.1\" xmlns=\"http:\/\/www.w3.org\/2000\/svg\" width=\"32\" height=\"32\" viewbox=\"0 0 32 32\">\n        <path d=\"M7.396 28.469c-1.551 0-2.592-1.259-2.592-3.136v-18.667c0-1.876 1.041-3.136 2.592-3.136 0.6 0 1.229 0.188 1.872 0.559l16.165 9.333c1.137 0.656 1.761 1.572 1.761 2.577s-0.625 1.921-1.761 2.579l-16.165 9.333c-0.643 0.369-1.272 0.557-1.872 0.557zM7.396 4.864c-1.168 0-1.259 1.38-1.259 1.803v18.667c0 0.421 0.091 1.803 1.259 1.803 0.359 0 0.775-0.132 1.205-0.38l16.165-9.333c0.696-0.401 1.095-0.919 1.095-1.421s-0.399-1.021-1.095-1.423l-16.165-9.333c-0.431-0.249-0.848-0.381-1.205-0.381zM21.639 20.667c-0.195 0-0.388-0.084-0.52-0.248l-12.245-15.067c-0.232-0.285-0.189-0.705 0.097-0.939 0.287-0.231 0.707-0.188 0.939 0.097l12.245 15.068c0.232 0.287 0.189 0.705-0.097 0.94-0.123 0.099-0.272 0.148-0.419 0.148zM9.391 27.736c-0.148 0-0.296-0.048-0.42-0.149-0.285-0.232-0.329-0.651-0.097-0.937l12.245-15.068c0.233-0.284 0.652-0.329 0.939-0.097 0.285 0.232 0.329 0.652 0.097 0.939l-12.245 15.067c-0.132 0.163-0.324 0.247-0.519 0.247z\"><\/path>\n        <\/svg><\/span><\/span><\/i><\/a><a class=\"nectar-button jumbo regular accent-color has-icon  regular-button\"  role=\"button\" style=\"\"  href=\"https:\/\/apps.apple.com\/it\/app\/animals-need-me\/id6479448314?l=en-GB\" data-color-override=\"false\" data-hover-color-override=\"false\" data-hover-text-color-override=\"#fff\"><span>Download on App Store<\/span><i><span class=\"im-icon-wrap\"><span><svg role=\"presentation\" version=\"1.1\" xmlns=\"http:\/\/www.w3.org\/2000\/svg\" width=\"32\" height=\"32\" viewbox=\"0 0 32 32\">\n        <path d=\"M21.264 31.833v0c-0.977 0-1.847-0.331-2.687-0.647-0.717-0.272-1.396-0.529-2.037-0.529-0.571 0-1.221 0.244-1.911 0.5-0.833 0.308-1.777 0.659-2.803 0.659-1.684 0-3.196-0.963-4.624-2.943-0.060-0.084-5.88-8.629-3.052-14.976 1.548-3.476 3.779-5.239 6.628-5.239 1.504 0 2.892 0.472 4.008 0.852 0.625 0.209 1.213 0.411 1.524 0.411 0.365 0 0.953-0.216 1.575-0.445 1.036-0.381 2.325-0.856 3.805-0.856 2.147 0 4.089 0.991 5.936 3.029 0.128 0.139 0.189 0.328 0.171 0.515-0.020 0.189-0.119 0.359-0.271 0.472-1.949 1.421-2.939 3.064-2.939 4.885 0 2.259 1.112 3.916 3.72 5.54 0.283 0.176 0.392 0.532 0.256 0.837-2.452 5.487-4.703 7.935-7.3 7.935zM16.539 29.323c0.888 0 1.713 0.313 2.511 0.617 0.761 0.289 1.48 0.56 2.215 0.56v0c1.207 0 3.111-0.7 5.848-6.629-2.664-1.789-3.859-3.768-3.859-6.353 0-2.065 0.971-3.913 2.887-5.499-1.421-1.392-2.884-2.071-4.449-2.071-1.244 0-2.361 0.411-3.345 0.775-0.767 0.283-1.431 0.528-2.035 0.528-0.532 0-1.159-0.213-1.953-0.483-1.023-0.348-2.295-0.78-3.579-0.78-2.307 0-4.076 1.455-5.411 4.448-2.195 4.927 1.741 12.024 2.916 13.655 1.544 2.141 2.761 2.389 3.543 2.389 0.785 0 1.575-0.295 2.337-0.579 0.769-0.284 1.565-0.579 2.375-0.579zM16.372 8.28v0c-0.161 0-0.323-0.011-0.481-0.029-0.324-0.040-0.572-0.309-0.584-0.636-0.176-4.463 3.604-7.192 6.4-7.447 0.351-0.033 0.655 0.205 0.717 0.545 0.309 1.717-0.268 3.605-1.584 5.179-1.251 1.496-2.92 2.388-4.468 2.388zM21.169 1.609c-2.017 0.493-4.333 2.389-4.523 5.325 1.075-0.105 2.264-0.811 3.171-1.896 0.876-1.047 1.355-2.288 1.352-3.429z\"><\/path>\n        <\/svg><\/span><\/span><\/i><\/a>\n\t\t<\/div> \n\t<\/div>\n\t<\/div> \n<\/div><\/div><div class=\"divider-wrap\" data-alignment=\"default\"><div style=\"height: 3vw;\" class=\"divider\"><\/div><\/div><div id=\"fws_69e158bf72cab\" data-midnight=\"\" data-column-margin=\"10px\" class=\"wpb_row vc_row-fluid vc_row inner_row\"  style=\"\"><div class=\"row-bg-wrap\"> <div class=\"row-bg\" ><\/div> <\/div><div class=\"row_col_wrap_12_inner col span_12  left\">\n\t<div  class=\"vc_col-sm-12 wpb_column column_container vc_column_container col child_column centered-text no-extra-padding force-tablet-text-align-center force-phone-text-align-center inherit_tablet inherit_phone\"   data-padding-pos=\"all\" data-has-bg-color=\"false\" data-bg-color=\"\" data-bg-opacity=\"1\" data-animation=\"\" data-delay=\"0\" >\n\t\t<div class=\"vc_column-inner\" >\n\t\t<div class=\"wpb_wrapper\">\n\t\t\t<div class=\"nectar-responsive-text font_line_height_1px nectar-link-underline-effect\"><h6>\u00a9 <span class=\"nectar-current-year\">2026<\/span>. Animals Need Me | All rights reserved.<\/h6>\n<\/div>\n\t\t<\/div> \n\t<\/div>\n\t<\/div> \n<\/div><\/div>\n\t\t\t<\/div> \n\t\t<\/div>\n\t<\/div> \n<\/div><\/div>","protected":false},"excerpt":{"rendered":"Animals Need Me Shkarko aplikacioninShkarkoni aplikacionin \"Animals Need Me\" dhe b\u00ebhuni pjes\u00eb e nj\u00eb komuniteti q\u00eb kujdeset p\u00ebr kafsh\u00ebt. Bashkohuni tani dhe b\u00ebni nj\u00eb ndryshim pozitiv n\u00eb jet\u00ebn e tyre...","protected":false},"author":1,"featured_media":0,"parent":0,"menu_order":0,"comment_status":"closed","ping_status":"closed","template":"template-no-header-footer.php","meta":{"footnotes":""},"class_list":["post-858","page","type-page","status-publish"],"_links":{"self":[{"href":"https:\/\/animalsneedme.org\/sq\/wp-json\/wp\/v2\/pages\/858","targetHints":{"allow":["GET"]}}],"collection":[{"href":"https:\/\/animalsneedme.org\/sq\/wp-json\/wp\/v2\/pages"}],"about":[{"href":"https:\/\/animalsneedme.org\/sq\/wp-json\/wp\/v2\/types\/page"}],"author":[{"embeddable":true,"href":"https:\/\/animalsneedme.org\/sq\/wp-json\/wp\/v2\/users\/1"}],"replies":[{"embeddable":true,"href":"https:\/\/animalsneedme.org\/sq\/wp-json\/wp\/v2\/comments?post=858"}],"version-history":[{"count":3,"href":"https:\/\/animalsneedme.org\/sq\/wp-json\/wp\/v2\/pages\/858\/revisions"}],"predecessor-version":[{"id":862,"href":"https:\/\/animalsneedme.org\/sq\/wp-json\/wp\/v2\/pages\/858\/revisions\/862"}],"wp:attachment":[{"href":"https:\/\/animalsneedme.org\/sq\/wp-json\/wp\/v2\/media?parent=858"}],"curies":[{"name":"wp","href":"https:\/\/api.w.org\/{rel}","templated":true}]}}